{"id":2054,"date":"2020-09-30T20:54:06","date_gmt":"2020-09-30T18:54:06","guid":{"rendered":"http:\/\/villaelmorisco.com\/?page_id=2"},"modified":"2022-11-18T21:10:01","modified_gmt":"2022-11-18T20:10:01","slug":"sample-page-2","status":"publish","type":"page","link":"https:\/\/villa.morisco.de\/","title":{"rendered":"Startseite"},"content":{"rendered":"\t\t<div data-elementor-type=\"wp-page\" data-elementor-id=\"2054\" class=\"elementor elementor-2054\">\n\t\t\t\t\t\t<section class=\"elementor-section elementor-top-section elementor-element elementor-element-398d71d elementor-section-boxed elementor-section-height-default elementor-section-height-default\" data-id=\"398d71d\" data-element_type=\"section\" data-e-type=\"section\">\n\t\t\t\t\t\t<div class=\"elementor-container elementor-column-gap-default\">\n\t\t\t\t\t<div class=\"elementor-column elementor-col-100 elementor-top-column elementor-element elementor-element-2224c27\" data-id=\"2224c27\" data-element_type=\"column\" data-e-type=\"column\">\n\t\t\t<div class=\"elementor-widget-wrap elementor-element-populated\">\n\t\t\t\t\t\t<div class=\"elementor-element elementor-element-a952c16 elementor-invisible elementor-widget elementor-widget-text-editor\" data-id=\"a952c16\" data-element_type=\"widget\" data-e-type=\"widget\" data-settings=\"{&quot;_animation&quot;:&quot;fadeInDown&quot;}\" data-widget_type=\"text-editor.default\">\n\t\t\t\t<div class=\"elementor-widget-container\">\n\t\t\t\t\t\t\t\t\t<p><\/p>\n<p><\/p>\n<p>Die Villa el Morisco liegt auf einem ca. 7 ha gro\u00dfen Gel\u00e4nde mit mehr als tausend Mango-Oliven-Orangen-Avocado und Chirimoya b\u00e4umen an der K\u00fcste Andalusiens etwa 20 km\u00a0 \u00f6stlich von M\u00e1laga, auf dem auch unsere Seminaranlagen <a href=\"http:\/\/www.fincaelmorisco.com\">\u00a0www.fincaelmorisco.com<\/a> und <a href=\"http:\/\/www.casaelmorisco.com\">www.casaelmorisco.com<\/a> liegen.<\/p>\n<p>\u00a0<\/p>\n<p>In 45 Autominuten (40 km Autobahn) gelangst Du vom drittgr\u00f6\u00dften Flughafen Spaniens in M\u00e1laga direkt zu uns auf die Morisco-Anlage.<br \/>Die Villa el Morisco ist ein vegetarisches Selbstverpflegungs-Seminarhaus f\u00fcr Menschen und Gruppen die Lust haben hier\u00a0 mindestens 5-t\u00e4gige Urlaubs-Seminare anzubieten.<\/p>\n<p>Sie bietet einen 55 qm2 gro\u00dfen Seminarraum, der durch seine Fu\u00dfbodenheizung und Klimaanlage ganzj\u00e4hrig nutzbar ist. Ein Pool geh\u00f6rt ebenso zur Villa el Morisco.<\/p>\n<p>Eine Seminar-, oder G\u00e4stegruppe findet hier ein Pl\u00e4tzchen mit ganz besonderer Atmosph\u00e4re.<\/p>\n<p>\u00a0<\/p>\n<p style=\"text-align: center;\">Euer Morisco-Team!<\/p>\t\t\t\t\t\t\t\t<\/div>\n\t\t\t\t<\/div>\n\t\t\t\t\t<\/div>\n\t\t<\/div>\n\t\t\t\t\t<\/div>\n\t\t<\/section>\n\t\t\t\t<\/div>\n\t\t","protected":false},"excerpt":{"rendered":"<p>Die Villa el Morisco liegt auf einem ca. 7 ha gro\u00dfen Gel\u00e4nde mit mehr als tausend Mango-Oliven-Orangen-Avocado und Chirimoya b\u00e4umen an der K\u00fcste Andalusiens etwa 20 km\u00a0 \u00f6stlich von M\u00e1laga, auf dem auch unsere Seminaranlagen \u00a0www.fincaelmorisco.com und www.casaelmorisco.com liegen. \u00a0 <a class=\"more-link\" href=\"https:\/\/villa.morisco.de\/\">weiterlesen&#8230;<\/a><\/p>\n","protected":false},"author":3,"featured_media":0,"parent":0,"menu_order":0,"comment_status":"closed","ping_status":"closed","template":"","meta":{"_exactmetrics_skip_tracking":false,"_exactmetrics_sitenote_active":false,"_exactmetrics_sitenote_note":"","_exactmetrics_sitenote_category":0,"footnotes":""},"class_list":["post-2054","page","type-page","status-publish","hentry"],"yoast_head":"<!-- This site is optimized with the Yoast SEO plugin v27.3 - https:\/\/yoast.com\/product\/yoast-seo-wordpress\/ -->\n<title>Startseite - Villa el Morisco<\/title>\n<meta name=\"robots\" content=\"index, follow, max-snippet:-1, max-image-preview:large, max-video-preview:-1\" \/>\n<link rel=\"canonical\" href=\"https:\/\/villa.morisco.de\/\" \/>\n<meta property=\"og:locale\" content=\"de_DE\" \/>\n<meta property=\"og:type\" content=\"article\" \/>\n<meta property=\"og:title\" content=\"Startseite - Villa el Morisco\" \/>\n<meta property=\"og:description\" content=\"Die Villa el Morisco liegt auf einem ca. 7 ha gro\u00dfen Gel\u00e4nde mit mehr als tausend Mango-Oliven-Orangen-Avocado und Chirimoya b\u00e4umen an der K\u00fcste Andalusiens etwa 20 km\u00a0 \u00f6stlich von M\u00e1laga, auf dem auch unsere Seminaranlagen \u00a0www.fincaelmorisco.com und www.casaelmorisco.com liegen. \u00a0 weiterlesen...\" \/>\n<meta property=\"og:url\" content=\"https:\/\/villa.morisco.de\/\" \/>\n<meta property=\"og:site_name\" content=\"Villa el Morisco\" \/>\n<meta property=\"article:modified_time\" content=\"2022-11-18T20:10:01+00:00\" \/>\n<meta name=\"twitter:card\" content=\"summary_large_image\" \/>\n<meta name=\"twitter:label1\" content=\"Gesch\u00e4tzte Lesezeit\" \/>\n\t<meta name=\"twitter:data1\" content=\"1\u00a0Minute\" \/>\n<script type=\"application\/ld+json\" class=\"yoast-schema-graph\">{\"@context\":\"https:\\\/\\\/schema.org\",\"@graph\":[{\"@type\":\"WebPage\",\"@id\":\"https:\\\/\\\/villa.morisco.de\\\/\",\"url\":\"https:\\\/\\\/villa.morisco.de\\\/\",\"name\":\"Startseite - Villa el Morisco\",\"isPartOf\":{\"@id\":\"https:\\\/\\\/villa.morisco.de\\\/#website\"},\"datePublished\":\"2020-09-30T18:54:06+00:00\",\"dateModified\":\"2022-11-18T20:10:01+00:00\",\"breadcrumb\":{\"@id\":\"https:\\\/\\\/villa.morisco.de\\\/#breadcrumb\"},\"inLanguage\":\"de\",\"potentialAction\":[{\"@type\":\"ReadAction\",\"target\":[\"https:\\\/\\\/villa.morisco.de\\\/\"]}]},{\"@type\":\"BreadcrumbList\",\"@id\":\"https:\\\/\\\/villa.morisco.de\\\/#breadcrumb\",\"itemListElement\":[{\"@type\":\"ListItem\",\"position\":1,\"name\":\"Startseite\",\"item\":\"https:\\\/\\\/villa.morisco.de\\\/\"},{\"@type\":\"ListItem\",\"position\":2,\"name\":\"Startseite\"}]},{\"@type\":\"WebSite\",\"@id\":\"https:\\\/\\\/villa.morisco.de\\\/#website\",\"url\":\"https:\\\/\\\/villa.morisco.de\\\/\",\"name\":\"Villa el Morisco\",\"description\":\"Benajarafe - M\u00e1laga - Costa del Sol\",\"publisher\":{\"@id\":\"https:\\\/\\\/villa.morisco.de\\\/#organization\"},\"potentialAction\":[{\"@type\":\"SearchAction\",\"target\":{\"@type\":\"EntryPoint\",\"urlTemplate\":\"https:\\\/\\\/villa.morisco.de\\\/?s={search_term_string}\"},\"query-input\":{\"@type\":\"PropertyValueSpecification\",\"valueRequired\":true,\"valueName\":\"search_term_string\"}}],\"inLanguage\":\"de\"},{\"@type\":\"Organization\",\"@id\":\"https:\\\/\\\/villa.morisco.de\\\/#organization\",\"name\":\"Villa el Morisco\",\"url\":\"https:\\\/\\\/villa.morisco.de\\\/\",\"logo\":{\"@type\":\"ImageObject\",\"inLanguage\":\"de\",\"@id\":\"https:\\\/\\\/villa.morisco.de\\\/#\\\/schema\\\/logo\\\/image\\\/\",\"url\":\"https:\\\/\\\/villa.morisco.de\\\/wp-content\\\/uploads\\\/2021\\\/04\\\/cropped-Villa-el-Morisco-Logo-2.png\",\"contentUrl\":\"https:\\\/\\\/villa.morisco.de\\\/wp-content\\\/uploads\\\/2021\\\/04\\\/cropped-Villa-el-Morisco-Logo-2.png\",\"width\":1183,\"height\":310,\"caption\":\"Villa el Morisco\"},\"image\":{\"@id\":\"https:\\\/\\\/villa.morisco.de\\\/#\\\/schema\\\/logo\\\/image\\\/\"}}]}<\/script>\n<!-- \/ Yoast SEO plugin. -->","yoast_head_json":{"title":"Startseite - Villa el Morisco","robots":{"index":"index","follow":"follow","max-snippet":"max-snippet:-1","max-image-preview":"max-image-preview:large","max-video-preview":"max-video-preview:-1"},"canonical":"https:\/\/villa.morisco.de\/","og_locale":"de_DE","og_type":"article","og_title":"Startseite - Villa el Morisco","og_description":"Die Villa el Morisco liegt auf einem ca. 7 ha gro\u00dfen Gel\u00e4nde mit mehr als tausend Mango-Oliven-Orangen-Avocado und Chirimoya b\u00e4umen an der K\u00fcste Andalusiens etwa 20 km\u00a0 \u00f6stlich von M\u00e1laga, auf dem auch unsere Seminaranlagen \u00a0www.fincaelmorisco.com und www.casaelmorisco.com liegen. \u00a0 weiterlesen...","og_url":"https:\/\/villa.morisco.de\/","og_site_name":"Villa el Morisco","article_modified_time":"2022-11-18T20:10:01+00:00","twitter_card":"summary_large_image","twitter_misc":{"Gesch\u00e4tzte Lesezeit":"1\u00a0Minute"},"schema":{"@context":"https:\/\/schema.org","@graph":[{"@type":"WebPage","@id":"https:\/\/villa.morisco.de\/","url":"https:\/\/villa.morisco.de\/","name":"Startseite - Villa el Morisco","isPartOf":{"@id":"https:\/\/villa.morisco.de\/#website"},"datePublished":"2020-09-30T18:54:06+00:00","dateModified":"2022-11-18T20:10:01+00:00","breadcrumb":{"@id":"https:\/\/villa.morisco.de\/#breadcrumb"},"inLanguage":"de","potentialAction":[{"@type":"ReadAction","target":["https:\/\/villa.morisco.de\/"]}]},{"@type":"BreadcrumbList","@id":"https:\/\/villa.morisco.de\/#breadcrumb","itemListElement":[{"@type":"ListItem","position":1,"name":"Startseite","item":"https:\/\/villa.morisco.de\/"},{"@type":"ListItem","position":2,"name":"Startseite"}]},{"@type":"WebSite","@id":"https:\/\/villa.morisco.de\/#website","url":"https:\/\/villa.morisco.de\/","name":"Villa el Morisco","description":"Benajarafe - M\u00e1laga - Costa del Sol","publisher":{"@id":"https:\/\/villa.morisco.de\/#organization"},"potentialAction":[{"@type":"SearchAction","target":{"@type":"EntryPoint","urlTemplate":"https:\/\/villa.morisco.de\/?s={search_term_string}"},"query-input":{"@type":"PropertyValueSpecification","valueRequired":true,"valueName":"search_term_string"}}],"inLanguage":"de"},{"@type":"Organization","@id":"https:\/\/villa.morisco.de\/#organization","name":"Villa el Morisco","url":"https:\/\/villa.morisco.de\/","logo":{"@type":"ImageObject","inLanguage":"de","@id":"https:\/\/villa.morisco.de\/#\/schema\/logo\/image\/","url":"https:\/\/villa.morisco.de\/wp-content\/uploads\/2021\/04\/cropped-Villa-el-Morisco-Logo-2.png","contentUrl":"https:\/\/villa.morisco.de\/wp-content\/uploads\/2021\/04\/cropped-Villa-el-Morisco-Logo-2.png","width":1183,"height":310,"caption":"Villa el Morisco"},"image":{"@id":"https:\/\/villa.morisco.de\/#\/schema\/logo\/image\/"}}]}},"_links":{"self":[{"href":"https:\/\/villa.morisco.de\/index.php?rest_route=\/wp\/v2\/pages\/2054","targetHints":{"allow":["GET"]}}],"collection":[{"href":"https:\/\/villa.morisco.de\/index.php?rest_route=\/wp\/v2\/pages"}],"about":[{"href":"https:\/\/villa.morisco.de\/index.php?rest_route=\/wp\/v2\/types\/page"}],"author":[{"embeddable":true,"href":"https:\/\/villa.morisco.de\/index.php?rest_route=\/wp\/v2\/users\/3"}],"replies":[{"embeddable":true,"href":"https:\/\/villa.morisco.de\/index.php?rest_route=%2Fwp%2Fv2%2Fcomments&post=2054"}],"version-history":[{"count":10,"href":"https:\/\/villa.morisco.de\/index.php?rest_route=\/wp\/v2\/pages\/2054\/revisions"}],"predecessor-version":[{"id":3496,"href":"https:\/\/villa.morisco.de\/index.php?rest_route=\/wp\/v2\/pages\/2054\/revisions\/3496"}],"wp:attachment":[{"href":"https:\/\/villa.morisco.de\/index.php?rest_route=%2Fwp%2Fv2%2Fmedia&parent=2054"}],"curies":[{"name":"wp","href":"https:\/\/api.w.org\/{rel}","templated":true}]}}